{"id":2227,"date":"2022-12-19T17:23:50","date_gmt":"2022-12-19T17:23:50","guid":{"rendered":"https:\/\/bankmleka.pl\/?page_id=2227"},"modified":"2023-05-10T08:53:49","modified_gmt":"2023-05-10T08:53:49","slug":"scientific-research","status":"publish","type":"page","link":"https:\/\/bankmleka.pl\/en\/scientific-research\/","title":{"rendered":"Scientific research"},"content":{"rendered":"<p>[et_pb_section fb_built=&#8221;1&#8243; custom_padding_last_edited=&#8221;off|desktop&#8221; admin_label=&#8221;Header&#8221; _builder_version=&#8221;4.13.0&#8243; background_image=&#8221;https:\/\/bankmleka.pl\/wp-content\/uploads\/2023\/01\/badania-nad-mlekiem-w-banku-mleka-kobiecego-header.png&#8221; height=&#8221;550px&#8221; custom_padding=&#8221;0vw||139px||false|false&#8221; custom_padding_tablet=&#8221;50px||50px||true|false&#8221; custom_padding_phone=&#8221;30px||30px||true|false&#8221; global_colors_info=&#8221;{}&#8221;][et_pb_row column_structure=&#8221;1_2,1_2&#8243; _builder_version=&#8221;4.13.0&#8243; max_width=&#8221;1280px&#8221; global_colors_info=&#8221;{}&#8221;][et_pb_column type=&#8221;1_2&#8243; _builder_version=&#8221;4.4.4&#8243; custom_padding=&#8221;||||false|false&#8221; custom_padding_tablet=&#8221;||||false|false&#8221; custom_padding_phone=&#8221;|55%|||false|false&#8221; custom_padding_last_edited=&#8221;off|tablet&#8221; global_colors_info=&#8221;{}&#8221;][et_pb_text _builder_version=&#8221;4.13.0&#8243; header_font=&#8221;||||||||&#8221; header_text_color=&#8221;#FFFFFF&#8221; header_line_height=&#8221;1.2em&#8221; custom_margin=&#8221;97px||11px|||&#8221; header_font_size_tablet=&#8221;40px&#8221; header_font_size_phone=&#8221;30px&#8221; header_font_size_last_edited=&#8221;on|phone&#8221; global_colors_info=&#8221;{}&#8221;]<\/p>\n<h1><span>Scientific research<\/span><\/h1>\n<p>[\/et_pb_text][et_pb_text _builder_version=&#8221;4.13.0&#8243; text_text_color=&#8221;#FFFFFF&#8221; custom_margin=&#8221;|50px||||&#8221; text_font_size_tablet=&#8221;14px&#8221; text_font_size_phone=&#8221;&#8221; text_font_size_last_edited=&#8221;on|phone&#8221; global_colors_info=&#8221;{}&#8221;]<\/p>\n<p><span style=\"font-weight: 400;\">Human Bank Milk Foundation implements scientific projects in cooperation with research centres, universities, medical entities and non-governmental organizations.<\/span><\/p>\n<p>[\/et_pb_text][\/et_pb_column][et_pb_column type=&#8221;1_2&#8243; _builder_version=&#8221;4.4.4&#8243; global_colors_info=&#8221;{}&#8221;][\/et_pb_column][\/et_pb_row][\/et_pb_section][et_pb_section fb_built=&#8221;1&#8243; admin_label=&#8221;Services&#8221; _builder_version=&#8221;4.13.0&#8243; use_background_color_gradient=&#8221;on&#8221; background_color_gradient_start=&#8221;rgba(0,0,0,0)&#8221; background_color_gradient_end=&#8221;rgba(165,165,165,0)&#8221; background_color_gradient_direction=&#8221;81deg&#8221; custom_margin=&#8221;105px||0px||false|false&#8221; custom_padding=&#8221;||225px|||&#8221; global_colors_info=&#8221;{}&#8221;][et_pb_row column_structure=&#8221;1_2,1_2&#8243; use_custom_gutter=&#8221;on&#8221; gutter_width=&#8221;2&#8243; custom_padding_last_edited=&#8221;on|tablet&#8221; _builder_version=&#8221;4.13.0&#8243; background_color=&#8221;RGBA(0,0,0,0)&#8221; background_enable_image=&#8221;off&#8221; background_size=&#8221;contain&#8221; background_position=&#8221;top_right&#8221; width=&#8221;85%&#8221; max_width=&#8221;1280px&#8221; overflow-x=&#8221;visible&#8221; overflow-y=&#8221;visible&#8221; custom_margin=&#8221;-59px|auto|-172px|auto|false|false&#8221; custom_padding=&#8221;57px|70px|44px|70px|false|true&#8221; custom_padding_tablet=&#8221;|40px||40px|false|true&#8221; custom_padding_phone=&#8221;|20px||20px|false|true&#8221; background_last_edited=&#8221;on|desktop&#8221; background_enable_image_tablet=&#8221;off&#8221; box_shadow_style=&#8221;preset1&#8243; box_shadow_vertical=&#8221;50px&#8221; box_shadow_blur=&#8221;80px&#8221; box_shadow_color=&#8221;rgba(56,21,11,0.09)&#8221; global_colors_info=&#8221;{}&#8221;][et_pb_column type=&#8221;1_2&#8243; admin_label=&#8221;Kolumna&#8221; _builder_version=&#8221;3.26.5&#8243; custom_padding=&#8221;100px|40px|||false|false&#8221; custom_padding_tablet=&#8221;0px|0px|||false|false&#8221; custom_padding_phone=&#8221;&#8221; custom_padding_last_edited=&#8221;on|tablet&#8221; global_colors_info=&#8221;{}&#8221;][et_pb_text admin_label=&#8221;Tekst&#8221; _builder_version=&#8221;4.13.0&#8243; text_font=&#8221;||||||||&#8221; text_line_height=&#8221;1.5em&#8221; header_2_font_size=&#8221;40px&#8221; max_width=&#8221;800px&#8221; custom_margin=&#8221;-82px||25px|||&#8221; text_font_size_tablet=&#8221;&#8221; text_font_size_phone=&#8221;14px&#8221; text_font_size_last_edited=&#8221;on|desktop&#8221; text_line_height_tablet=&#8221;&#8221; text_line_height_phone=&#8221;1.6em&#8221; text_line_height_last_edited=&#8221;on|desktop&#8221; locked=&#8221;off&#8221; global_colors_info=&#8221;{}&#8221;]<\/p>\n<p><span> In terms of scientific research, the Foundation has collaborated\/cooperates with the Warsaw Medical University [M2] (WUM), the Warsaw University of Life Sciences (SGGW), the Institute of High Pressure Physics of the Polish Academy of Sciences (IWC PAN), the Holy Family Specialized Hospital in Warsaw, Jan Mikulicz-Radecki University Clinical Hospital in Wroc\u0142aw, Pro-Famila Specialist Hospital in Rzesz\u00f3w, L. Rydygier Provincial Complex Hospital in Toru\u0144, University Clinical Center in Gda\u0144sk (UCK), COPERNICUS Podmiot Leczniczy Sp. z o.o: St. Adalbert Hospital in Gdansk, Unipress and the SOS Food Bank Foundation in Warsaw.<\/span><\/p>\n<p><span>We invite you to cooperate with us<\/span><\/p>\n<p>[\/et_pb_text][et_pb_button button_url=&#8221;@ET-DC@eyJkeW5hbWljIjp0cnVlLCJjb250ZW50IjoicG9zdF9saW5rX3VybF9wYWdlIiwic2V0dGluZ3MiOnsicG9zdF9pZCI6IjEwMjAifX0=@&#8221; button_text=&#8221;Contact us&#8221; _builder_version=&#8221;4.13.0&#8243; _dynamic_attributes=&#8221;button_url&#8221; _module_preset=&#8221;default&#8221; global_colors_info=&#8221;{}&#8221;][\/et_pb_button][\/et_pb_column][et_pb_column type=&#8221;1_2&#8243; _builder_version=&#8221;3.26.5&#8243; global_colors_info=&#8221;{}&#8221;][et_pb_image src=&#8221;https:\/\/bankmleka.pl\/wp-content\/uploads\/2023\/01\/pastryzacja-scaled.jpg&#8221; alt=&#8221;badania naukowe nad mlekiem kobiecym&#8221; title_text=&#8221;pastryzacja&#8221; _builder_version=&#8221;4.13.0&#8243; _module_preset=&#8221;default&#8221; custom_padding=&#8221;||0px|||&#8221; global_colors_info=&#8221;{}&#8221;][\/et_pb_image][\/et_pb_column][\/et_pb_row][\/et_pb_section]<\/p>\n","protected":false},"excerpt":{"rendered":"<p>Scientific researchHuman Bank Milk Foundation implements scientific projects in cooperation with research centres, universities, medical entities and non-governmental organizations. In terms of scientific research, the Foundation has collaborated\/cooperates with the Warsaw Medical University [M2] (WUM), the Warsaw University of Life Sciences (SGGW), the Institute of High Pressure Physics of the Polish Academy of Sciences (IWC [&hellip;]<\/p>\n","protected":false},"author":6,"featured_media":0,"parent":0,"menu_order":0,"comment_status":"closed","ping_status":"closed","template":"","meta":{"_et_pb_use_builder":"on","_et_pb_old_content":"","_et_gb_content_width":"","footnotes":""},"class_list":["post-2227","page","type-page","status-publish","hentry"],"yoast_head":"<!-- This site is optimized with the Yoast SEO plugin v27.4 - https:\/\/yoast.com\/product\/yoast-seo-wordpress\/ -->\n<title>Scientific research - Fundacja Bank Mleka Kobiecego<\/title>\n<meta name=\"robots\" content=\"index, follow, max-snippet:-1, max-image-preview:large, max-video-preview:-1\" \/>\n<link rel=\"canonical\" href=\"https:\/\/bankmleka.pl\/badania-naukowe\/\" \/>\n<meta property=\"og:locale\" content=\"en_US\" \/>\n<meta property=\"og:type\" content=\"article\" \/>\n<meta property=\"og:title\" content=\"Scientific research - Fundacja Bank Mleka Kobiecego\" \/>\n<meta property=\"og:description\" content=\"Scientific researchHuman Bank Milk Foundation implements scientific projects in cooperation with research centres, universities, medical entities and non-governmental organizations. In terms of scientific research, the Foundation has collaborated\/cooperates with the Warsaw Medical University [M2] (WUM), the Warsaw University of Life Sciences (SGGW), the Institute of High Pressure Physics of the Polish Academy of Sciences (IWC [&hellip;]\" \/>\n<meta property=\"og:url\" content=\"https:\/\/bankmleka.pl\/badania-naukowe\/\" \/>\n<meta property=\"og:site_name\" content=\"Fundacja Bank Mleka Kobiecego\" \/>\n<meta property=\"article:modified_time\" content=\"2023-05-10T08:53:49+00:00\" \/>\n<meta name=\"twitter:card\" content=\"summary_large_image\" \/>\n<meta name=\"twitter:label1\" content=\"Est. reading time\" \/>\n\t<meta name=\"twitter:data1\" content=\"2 minutes\" \/>\n<script type=\"application\/ld+json\" class=\"yoast-schema-graph\">{\"@context\":\"https:\\\/\\\/schema.org\",\"@graph\":[{\"@type\":\"WebPage\",\"@id\":\"https:\\\/\\\/bankmleka.pl\\\/badania-naukowe\\\/\",\"url\":\"https:\\\/\\\/bankmleka.pl\\\/badania-naukowe\\\/\",\"name\":\"Scientific research - Fundacja Bank Mleka Kobiecego\",\"isPartOf\":{\"@id\":\"https:\\\/\\\/bankmleka.pl\\\/#website\"},\"datePublished\":\"2022-12-19T17:23:50+00:00\",\"dateModified\":\"2023-05-10T08:53:49+00:00\",\"breadcrumb\":{\"@id\":\"https:\\\/\\\/bankmleka.pl\\\/badania-naukowe\\\/#breadcrumb\"},\"inLanguage\":\"en-US\",\"potentialAction\":[{\"@type\":\"ReadAction\",\"target\":[\"https:\\\/\\\/bankmleka.pl\\\/badania-naukowe\\\/\"]}]},{\"@type\":\"BreadcrumbList\",\"@id\":\"https:\\\/\\\/bankmleka.pl\\\/badania-naukowe\\\/#breadcrumb\",\"itemListElement\":[{\"@type\":\"ListItem\",\"position\":1,\"name\":\"Strona g\u0142\u00f3wna\",\"item\":\"https:\\\/\\\/bankmleka.pl\\\/en\\\/\"},{\"@type\":\"ListItem\",\"position\":2,\"name\":\"Scientific research\"}]},{\"@type\":\"WebSite\",\"@id\":\"https:\\\/\\\/bankmleka.pl\\\/#website\",\"url\":\"https:\\\/\\\/bankmleka.pl\\\/\",\"name\":\"Fundacja Bank Mleka Kobiecego\",\"description\":\"\u017bywienie dzieci w kryzysie\",\"potentialAction\":[{\"@type\":\"SearchAction\",\"target\":{\"@type\":\"EntryPoint\",\"urlTemplate\":\"https:\\\/\\\/bankmleka.pl\\\/?s={search_term_string}\"},\"query-input\":{\"@type\":\"PropertyValueSpecification\",\"valueRequired\":true,\"valueName\":\"search_term_string\"}}],\"inLanguage\":\"en-US\"}]}<\/script>\n<!-- \/ Yoast SEO plugin. -->","yoast_head_json":{"title":"Scientific research - Fundacja Bank Mleka Kobiecego","robots":{"index":"index","follow":"follow","max-snippet":"max-snippet:-1","max-image-preview":"max-image-preview:large","max-video-preview":"max-video-preview:-1"},"canonical":"https:\/\/bankmleka.pl\/badania-naukowe\/","og_locale":"en_US","og_type":"article","og_title":"Scientific research - Fundacja Bank Mleka Kobiecego","og_description":"Scientific researchHuman Bank Milk Foundation implements scientific projects in cooperation with research centres, universities, medical entities and non-governmental organizations. In terms of scientific research, the Foundation has collaborated\/cooperates with the Warsaw Medical University [M2] (WUM), the Warsaw University of Life Sciences (SGGW), the Institute of High Pressure Physics of the Polish Academy of Sciences (IWC [&hellip;]","og_url":"https:\/\/bankmleka.pl\/badania-naukowe\/","og_site_name":"Fundacja Bank Mleka Kobiecego","article_modified_time":"2023-05-10T08:53:49+00:00","twitter_card":"summary_large_image","twitter_misc":{"Est. reading time":"2 minutes"},"schema":{"@context":"https:\/\/schema.org","@graph":[{"@type":"WebPage","@id":"https:\/\/bankmleka.pl\/badania-naukowe\/","url":"https:\/\/bankmleka.pl\/badania-naukowe\/","name":"Scientific research - Fundacja Bank Mleka Kobiecego","isPartOf":{"@id":"https:\/\/bankmleka.pl\/#website"},"datePublished":"2022-12-19T17:23:50+00:00","dateModified":"2023-05-10T08:53:49+00:00","breadcrumb":{"@id":"https:\/\/bankmleka.pl\/badania-naukowe\/#breadcrumb"},"inLanguage":"en-US","potentialAction":[{"@type":"ReadAction","target":["https:\/\/bankmleka.pl\/badania-naukowe\/"]}]},{"@type":"BreadcrumbList","@id":"https:\/\/bankmleka.pl\/badania-naukowe\/#breadcrumb","itemListElement":[{"@type":"ListItem","position":1,"name":"Strona g\u0142\u00f3wna","item":"https:\/\/bankmleka.pl\/en\/"},{"@type":"ListItem","position":2,"name":"Scientific research"}]},{"@type":"WebSite","@id":"https:\/\/bankmleka.pl\/#website","url":"https:\/\/bankmleka.pl\/","name":"Fundacja Bank Mleka Kobiecego","description":"\u017bywienie dzieci w kryzysie","potentialAction":[{"@type":"SearchAction","target":{"@type":"EntryPoint","urlTemplate":"https:\/\/bankmleka.pl\/?s={search_term_string}"},"query-input":{"@type":"PropertyValueSpecification","valueRequired":true,"valueName":"search_term_string"}}],"inLanguage":"en-US"}]}},"_links":{"self":[{"href":"https:\/\/bankmleka.pl\/en\/wp-json\/wp\/v2\/pages\/2227","targetHints":{"allow":["GET"]}}],"collection":[{"href":"https:\/\/bankmleka.pl\/en\/wp-json\/wp\/v2\/pages"}],"about":[{"href":"https:\/\/bankmleka.pl\/en\/wp-json\/wp\/v2\/types\/page"}],"author":[{"embeddable":true,"href":"https:\/\/bankmleka.pl\/en\/wp-json\/wp\/v2\/users\/6"}],"replies":[{"embeddable":true,"href":"https:\/\/bankmleka.pl\/en\/wp-json\/wp\/v2\/comments?post=2227"}],"version-history":[{"count":4,"href":"https:\/\/bankmleka.pl\/en\/wp-json\/wp\/v2\/pages\/2227\/revisions"}],"predecessor-version":[{"id":2379,"href":"https:\/\/bankmleka.pl\/en\/wp-json\/wp\/v2\/pages\/2227\/revisions\/2379"}],"wp:attachment":[{"href":"https:\/\/bankmleka.pl\/en\/wp-json\/wp\/v2\/media?parent=2227"}],"curies":[{"name":"wp","href":"https:\/\/api.w.org\/{rel}","templated":true}]}}